{"id":1266,"date":"2015-01-08T15:31:08","date_gmt":"2015-01-08T15:31:08","guid":{"rendered":"http:\/\/kallipolis.net\/association\/network\/"},"modified":"2018-02-27T09:47:33","modified_gmt":"2018-02-27T09:47:33","slug":"network","status":"publish","type":"page","link":"https:\/\/kallipolis.net\/en\/association\/network\/","title":{"rendered":"Network"},"content":{"rendered":"<h2>We cooperate with local authorities and private organizations, with whom we share values and visions, in order to promote and develop our activieties and projects in Italy and abroad<\/h2>\n<p><strong>NATIONAL PUBLIC AUTHORITIES<\/strong>: Agenzia Regionale per la Protezione dell&#8217;ambiente del Friuli Venezia Giulia (ARPA), Agenzia Regionale per l&#8217;Ediliza Sostenibile del Friuli Venezia Giulia (ARES), <a http:\/\/www.ass1.sanita.fvg.it\/it\/index.html>Azienda Sanitaria Universitaria Integrata di Trieste<\/a> , <a href=\"http:\/\/www.ater.trieste.it\/\">Azienda Territoriale per l&#8217;Edilizia Residenziale<\/a> (ATER) Trieste, Camera di Commercio di Gorizia, Camera di Commercio di Trieste, Comune di Cervignano del Friuli, Comune di Genova, Comune di Grado, Comune di Modena, Comune di Monfalcone, Comune di Muggia, Comune di San Dorligo della Valle-Dolina, Comune di Sauris, <a href=\"http:\/\/www.retecivica.trieste.it\/\">Comune di Trieste<\/a>, Consorzio per lo sviluppo del Polo Universitario di Gorizia (CONSUNIGO), <a href=\"http:\/\/dia.units.it\/\">Dipartimento di Ingegneria civile e Architettura<\/a> (DICAR) dell&#8217;Universit\u00e0 degli Studi di Trieste, Facolt\u00e0 di Economia dell&#8217;Universit\u00e0 degli Studi di Genova, Informest, <a href=\"http:\/\/www.provincia.gorizia.it\/custom\/sez_cms.php?menu_id=56317\">Provincia di Gorizia<\/a>, Provincia di Trieste, Universit\u00e0 IUAV di Venezia, Gestione Ambientale Integrata dell&#8217;Astigiano (GAIA).<\/p>\n<p><strong>INTERNATIONAL PUBLIC AUTHORITIES<\/strong>: Citt\u00e0 di Sarajevo (BiH), <a href=\"http:\/\/www.bashkiashkoder.gov.al\/\">Comune di Scutari<\/a> (AL), Arhitektonski Fakultet Sarajevo (BiH), Municipalit\u00e0 di Bratunac (BiH), Municipalit\u00e0 di Fo\u010da (BiH), Municipalit\u00e0 San Fernando del Valle de Catamarca (Argentina), Municipio del Districto Metropolitano de Quito (Ecuador), National Agency of Protected Areas &#8211; <a href=\"http:\/\/akzm.gov.al\/index.php?option=com_k2&#038;view=itemlist&#038;layout=category&#038;task=category&#038;id=11&#038;Itemid=413&#038;lang=us\">AKZM<\/a> (AL), Parco Nazionale Sutjeska (BiH), Plan Urbanisme Contruction Architecture (Francia), Provincia de Catamarca (Argentina), Sarajevo Economic Region Development Agency (BiH), KJKP \u201cRad\u201d Sarajevo (BiH).<\/p>\n<p><strong>NATIONAL CIVIL SOCIETY ORGANIZATIONS AND FOUNDATIONS<\/strong>: Associazione culturale La citt\u00e0 Complessa, <a href=\"http:\/\/www.ottopermillevaldese.org\/\">Chiesa Evangelica Valdese<\/a>, Cooperativa Lybra, Czstudio, <a href=\"http:\/\/www.associazionetrarte.it\/\">ETRAR.T.E.<\/a> (Rinascita Territoriale Espressiva), <a href=\"http:\/\/www.fondazionemirafiori.it\/\">Fondazione della comunit\u00e0 di Mirafiori ONLUS<\/a>, Fondazione Luchetta Ota D&#8217;Angelo Hrovatin Onlus, Gruppo Volontariato Civile GVC, Ingegneria Senza Frontiere Trieste, <a href=\"http:\/\/www.isontinambiente.it\/\">ISA \u2013 Isontina Ambiente<\/a>, LegaCOOP FVG, <a href=\"http:\/\/www.oxfamitalia.org\/\">Oxfam Italia<\/a>, IRES &#8211; Istituto di Ricerche Economiche e Sociali del Friuli Venezia Giulia, Tenda per la Pace e i Diritti.<\/p>\n<p><strong>INTERNATIONAL CIVIL SOCIETY ORGANIZATIONS AND FOUNDATIONS<\/strong>: Asociaci\u00f3n solidaridad y Acci\u00f3n (ASA), Cooperativa agricola \u201cINSIEME\u201d Bratunac, Cooperativa sociale Los Caminantes (Argentina), Local Democracy Agency (LDA) Mostar e Zavidovici, Link Mostar (BiH), <a href=\"http:\/\/www.reussir-espace-public.com\/\">R\u00e9ussir l&#8217;Espace Public<\/a>&#8211; REP (France).<\/p>\n<p><strong>KALLIPOLIS IS A MEMBER OR PARTNER OF THE FOLLOWING ORGANIZATIONS<\/strong>:<br \/>\n<a href=\"http:\/\/www.alda-europe.eu\/newSite\/\">ALDA<\/a> &#8211; European Association for Local Democracy<br \/>\n<a href=\"http:\/\/www.miravolante.it\/\">MIRAVOLANTE<\/a> &#8211; associazione di comunit\u00e0 dedicata al quartiere di Mirafiori a Torino<\/p>\n","protected":false},"excerpt":{"rendered":"<p>We cooperate with local authorities and private organizations, with whom we share values and visions, in order to promote and develop our activieties and projects in Italy and abroad NATIONAL PUBLIC AUTHORITIES: Agenzia Regionale per la Protezione dell&#8217;ambiente del Friuli Venezia Giulia (ARPA), Agenzia Regionale per l&#8217;Ediliza Sostenibile del Friuli Venezia Giulia (ARES), Azienda Sanitaria [&hellip;]<\/p>\n","protected":false},"author":1,"featured_media":0,"parent":898,"menu_order":0,"comment_status":"open","ping_status":"open","template":"network.php","meta":{"footnotes":""},"class_list":["post-1266","page","type-page","status-publish","hentry"],"yoast_head":"<!-- This site is optimized with the Yoast SEO plugin v27.4 - https:\/\/yoast.com\/product\/yoast-seo-wordpress\/ -->\n<title>Network - Associazione Kallipolis<\/title>\n<meta name=\"robots\" content=\"index, follow, max-snippet:-1, max-image-preview:large, max-video-preview:-1\" \/>\n<link rel=\"canonical\" href=\"https:\/\/kallipolis.net\/en\/association\/network\/\" \/>\n<meta property=\"og:locale\" content=\"en_US\" \/>\n<meta property=\"og:type\" content=\"article\" \/>\n<meta property=\"og:title\" content=\"Network - Associazione Kallipolis\" \/>\n<meta property=\"og:description\" content=\"We cooperate with local authorities and private organizations, with whom we share values and visions, in order to promote and develop our activieties and projects in Italy and abroad NATIONAL PUBLIC AUTHORITIES: Agenzia Regionale per la Protezione dell&#8217;ambiente del Friuli Venezia Giulia (ARPA), Agenzia Regionale per l&#8217;Ediliza Sostenibile del Friuli Venezia Giulia (ARES), Azienda Sanitaria [&hellip;]\" \/>\n<meta property=\"og:url\" content=\"https:\/\/kallipolis.net\/en\/association\/network\/\" \/>\n<meta property=\"og:site_name\" content=\"Associazione Kallipolis\" \/>\n<meta property=\"article:modified_time\" content=\"2018-02-27T09:47:33+00:00\" \/>\n<meta name=\"twitter:card\" content=\"summary_large_image\" \/>\n<meta name=\"twitter:label1\" content=\"Est. reading time\" \/>\n\t<meta name=\"twitter:data1\" content=\"2 minutes\" \/>\n<script type=\"application\/ld+json\" class=\"yoast-schema-graph\">{\"@context\":\"https:\\\/\\\/schema.org\",\"@graph\":[{\"@type\":\"WebPage\",\"@id\":\"https:\\\/\\\/kallipolis.net\\\/en\\\/association\\\/network\\\/\",\"url\":\"https:\\\/\\\/kallipolis.net\\\/en\\\/association\\\/network\\\/\",\"name\":\"Network - Associazione Kallipolis\",\"isPartOf\":{\"@id\":\"https:\\\/\\\/kallipolis.net\\\/#website\"},\"datePublished\":\"2015-01-08T15:31:08+00:00\",\"dateModified\":\"2018-02-27T09:47:33+00:00\",\"breadcrumb\":{\"@id\":\"https:\\\/\\\/kallipolis.net\\\/en\\\/association\\\/network\\\/#breadcrumb\"},\"inLanguage\":\"en-US\",\"potentialAction\":[{\"@type\":\"ReadAction\",\"target\":[\"https:\\\/\\\/kallipolis.net\\\/en\\\/association\\\/network\\\/\"]}]},{\"@type\":\"BreadcrumbList\",\"@id\":\"https:\\\/\\\/kallipolis.net\\\/en\\\/association\\\/network\\\/#breadcrumb\",\"itemListElement\":[{\"@type\":\"ListItem\",\"position\":1,\"name\":\"Home\",\"item\":\"https:\\\/\\\/kallipolis.net\\\/\"},{\"@type\":\"ListItem\",\"position\":2,\"name\":\"Association\",\"item\":\"https:\\\/\\\/kallipolis.net\\\/en\\\/association\\\/\"},{\"@type\":\"ListItem\",\"position\":3,\"name\":\"Network\"}]},{\"@type\":\"WebSite\",\"@id\":\"https:\\\/\\\/kallipolis.net\\\/#website\",\"url\":\"https:\\\/\\\/kallipolis.net\\\/\",\"name\":\"Associazione Kallipolis\",\"description\":\"Sito dell&#039;Associazione Kallipolis\",\"potentialAction\":[{\"@type\":\"SearchAction\",\"target\":{\"@type\":\"EntryPoint\",\"urlTemplate\":\"https:\\\/\\\/kallipolis.net\\\/?s={search_term_string}\"},\"query-input\":{\"@type\":\"PropertyValueSpecification\",\"valueRequired\":true,\"valueName\":\"search_term_string\"}}],\"inLanguage\":\"en-US\"}]}<\/script>\n<!-- \/ Yoast SEO plugin. -->","yoast_head_json":{"title":"Network - Associazione Kallipolis","robots":{"index":"index","follow":"follow","max-snippet":"max-snippet:-1","max-image-preview":"max-image-preview:large","max-video-preview":"max-video-preview:-1"},"canonical":"https:\/\/kallipolis.net\/en\/association\/network\/","og_locale":"en_US","og_type":"article","og_title":"Network - Associazione Kallipolis","og_description":"We cooperate with local authorities and private organizations, with whom we share values and visions, in order to promote and develop our activieties and projects in Italy and abroad NATIONAL PUBLIC AUTHORITIES: Agenzia Regionale per la Protezione dell&#8217;ambiente del Friuli Venezia Giulia (ARPA), Agenzia Regionale per l&#8217;Ediliza Sostenibile del Friuli Venezia Giulia (ARES), Azienda Sanitaria [&hellip;]","og_url":"https:\/\/kallipolis.net\/en\/association\/network\/","og_site_name":"Associazione Kallipolis","article_modified_time":"2018-02-27T09:47:33+00:00","twitter_card":"summary_large_image","twitter_misc":{"Est. reading time":"2 minutes"},"schema":{"@context":"https:\/\/schema.org","@graph":[{"@type":"WebPage","@id":"https:\/\/kallipolis.net\/en\/association\/network\/","url":"https:\/\/kallipolis.net\/en\/association\/network\/","name":"Network - Associazione Kallipolis","isPartOf":{"@id":"https:\/\/kallipolis.net\/#website"},"datePublished":"2015-01-08T15:31:08+00:00","dateModified":"2018-02-27T09:47:33+00:00","breadcrumb":{"@id":"https:\/\/kallipolis.net\/en\/association\/network\/#breadcrumb"},"inLanguage":"en-US","potentialAction":[{"@type":"ReadAction","target":["https:\/\/kallipolis.net\/en\/association\/network\/"]}]},{"@type":"BreadcrumbList","@id":"https:\/\/kallipolis.net\/en\/association\/network\/#breadcrumb","itemListElement":[{"@type":"ListItem","position":1,"name":"Home","item":"https:\/\/kallipolis.net\/"},{"@type":"ListItem","position":2,"name":"Association","item":"https:\/\/kallipolis.net\/en\/association\/"},{"@type":"ListItem","position":3,"name":"Network"}]},{"@type":"WebSite","@id":"https:\/\/kallipolis.net\/#website","url":"https:\/\/kallipolis.net\/","name":"Associazione Kallipolis","description":"Sito dell&#039;Associazione Kallipolis","potentialAction":[{"@type":"SearchAction","target":{"@type":"EntryPoint","urlTemplate":"https:\/\/kallipolis.net\/?s={search_term_string}"},"query-input":{"@type":"PropertyValueSpecification","valueRequired":true,"valueName":"search_term_string"}}],"inLanguage":"en-US"}]}},"_links":{"self":[{"href":"https:\/\/kallipolis.net\/en\/wp-json\/wp\/v2\/pages\/1266","targetHints":{"allow":["GET"]}}],"collection":[{"href":"https:\/\/kallipolis.net\/en\/wp-json\/wp\/v2\/pages"}],"about":[{"href":"https:\/\/kallipolis.net\/en\/wp-json\/wp\/v2\/types\/page"}],"author":[{"embeddable":true,"href":"https:\/\/kallipolis.net\/en\/wp-json\/wp\/v2\/users\/1"}],"replies":[{"embeddable":true,"href":"https:\/\/kallipolis.net\/en\/wp-json\/wp\/v2\/comments?post=1266"}],"version-history":[{"count":2,"href":"https:\/\/kallipolis.net\/en\/wp-json\/wp\/v2\/pages\/1266\/revisions"}],"predecessor-version":[{"id":1269,"href":"https:\/\/kallipolis.net\/en\/wp-json\/wp\/v2\/pages\/1266\/revisions\/1269"}],"up":[{"embeddable":true,"href":"https:\/\/kallipolis.net\/en\/wp-json\/wp\/v2\/pages\/898"}],"wp:attachment":[{"href":"https:\/\/kallipolis.net\/en\/wp-json\/wp\/v2\/media?parent=1266"}],"curies":[{"name":"wp","href":"https:\/\/api.w.org\/{rel}","templated":true}]}}